{"id":28,"date":"2013-02-06T23:45:55","date_gmt":"2013-02-06T21:45:55","guid":{"rendered":"http:\/\/wordpress.susanneklipstein.de\/?page_id=28"},"modified":"2013-10-27T23:10:32","modified_gmt":"2013-10-27T21:10:32","slug":"cortijero","status":"publish","type":"page","link":"https:\/\/www.susanneklipstein.de\/?page_id=28","title":{"rendered":"Cortijero"},"content":{"rendered":"<p style=\"text-align: center;\"><strong>\u00a0<\/strong><\/p>\n<p>Der Andalusier ist bekannt f\u00fcr seine Sensibilit\u00e4t, Arbeitsbereitschaft , sein freundliches Wesen und die F\u00e4higkeit, einen engen Bezug zum Menschen aufzubauen. Sie erfordert aber auch und gerade deshalb ein gro\u00dfes Gesp\u00fcr f\u00fcr Gem\u00fctszust\u00e4nde zwischen Unverst\u00e4ndnis und Leistungsbereitschaft, Angst und Mut, Sanftheit und Temperament \u2013 dieser Grad kann sehr\u00a0 schmal sein. Diese Pferde wollen in ihrer Wesensart erkannt werden.<\/p>\n<p>Cortijero \u00a0war f\u00fcnf Jahre alt und nicht gerade klassisch ausgebildet: ein typisches Korrekturpferd. Ich erkannte jedoch hier eine gute Chance, ihn zu korrigieren, und der Gedanke Nuno Oliveiras galt auch f\u00fcr mich: die Wahl eines Pferdes ist zun\u00e4chst eine <em>Liebesaffaire<\/em>.<\/p>\n<p><a href=\"http:\/\/wordpress.susanneklipstein.de\/wp-content\/uploads\/2013\/02\/IMAG0012.jpg\"><img loading=\"lazy\" decoding=\"async\" class=\"aligncenter size-medium wp-image-94\" alt=\"IMAG0012\" src=\"http:\/\/wordpress.susanneklipstein.de\/wp-content\/uploads\/2013\/02\/IMAG0012-205x300.jpg\" width=\"205\" height=\"300\" srcset=\"https:\/\/www.susanneklipstein.de\/wp-content\/uploads\/2013\/02\/IMAG0012-205x300.jpg 205w, https:\/\/www.susanneklipstein.de\/wp-content\/uploads\/2013\/02\/IMAG0012.jpg 255w\" sizes=\"auto, (max-width: 205px) 100vw, 205px\" \/><\/a><a href=\"http:\/\/wordpress.susanneklipstein.de\/wp-content\/uploads\/2013\/02\/cortijero8.jpg\"><img loading=\"lazy\" decoding=\"async\" class=\"aligncenter size-medium wp-image-95\" alt=\"cortijero8\" src=\"http:\/\/wordpress.susanneklipstein.de\/wp-content\/uploads\/2013\/02\/cortijero8-300x272.jpg\" width=\"300\" height=\"272\" srcset=\"https:\/\/www.susanneklipstein.de\/wp-content\/uploads\/2013\/02\/cortijero8-300x272.jpg 300w, https:\/\/www.susanneklipstein.de\/wp-content\/uploads\/2013\/02\/cortijero8.jpg 600w\" sizes=\"auto, (max-width: 300px) 100vw, 300px\" \/><\/a><\/p>\n<p>Wichtig bei dieser Korrekturarbeit ist es, sich genug Zeit zu lassen und Geduld zu haben, viel Fordern, wenig erwarten und mit guten Schritten zufrieden sein, damit das Pferd die Korrekturschritte verstehen kann. Ich fing an, mit ihm an der Hand zu arbeiten, um erst mal Vertrauen vom Boden aus zu bekommen.<br \/>\nDie Arbeit unter dem Reiter mu\u00dfte ganz von vorne beginnen. Er mu\u00dfte lernen, loszulasssen, zuzuh\u00f6ren und sich zu entspannen. Er machte gute Fortschritte und nach einiger Zeit kam die Arbeit an der Doppellonge dazu. Auf einigen \u00f6ffentlichen Auftritten konnte er dann zeigen, was er gelernt hat.<\/p>\n<p><a href=\"http:\/\/wordpress.susanneklipstein.de\/wp-content\/uploads\/2013\/02\/Cortijero1.jpg\"><img loading=\"lazy\" decoding=\"async\" class=\"aligncenter size-medium wp-image-96\" alt=\"Cortijero1\" src=\"http:\/\/wordpress.susanneklipstein.de\/wp-content\/uploads\/2013\/02\/Cortijero1-300x224.jpg\" width=\"300\" height=\"224\" srcset=\"https:\/\/www.susanneklipstein.de\/wp-content\/uploads\/2013\/02\/Cortijero1-300x224.jpg 300w, https:\/\/www.susanneklipstein.de\/wp-content\/uploads\/2013\/02\/Cortijero1.jpg 600w\" sizes=\"auto, (max-width: 300px) 100vw, 300px\" \/><\/a><a href=\"http:\/\/wordpress.susanneklipstein.de\/wp-content\/uploads\/2013\/02\/IMAG0020.jpg\"><img loading=\"lazy\" decoding=\"async\" class=\"aligncenter size-medium wp-image-97\" alt=\"IMAG0020\" src=\"http:\/\/wordpress.susanneklipstein.de\/wp-content\/uploads\/2013\/02\/IMAG0020-300x178.jpg\" width=\"300\" height=\"178\" srcset=\"https:\/\/www.susanneklipstein.de\/wp-content\/uploads\/2013\/02\/IMAG0020-300x178.jpg 300w, https:\/\/www.susanneklipstein.de\/wp-content\/uploads\/2013\/02\/IMAG0020.jpg 369w\" sizes=\"auto, (max-width: 300px) 100vw, 300px\" \/><\/a><\/p>\n<p>Es folgten viele sch\u00f6ne Jahre, ich konnte meine Hilfengebung immer mehr verfeinern.<\/p>\n<p><a href=\"http:\/\/wordpress.susanneklipstein.de\/wp-content\/uploads\/2013\/02\/IMAG0021.jpg\"><img loading=\"lazy\" decoding=\"async\" class=\"aligncenter size-medium wp-image-98\" alt=\"IMAG0021\" src=\"http:\/\/wordpress.susanneklipstein.de\/wp-content\/uploads\/2013\/02\/IMAG0021-300x285.jpg\" width=\"300\" height=\"285\" srcset=\"https:\/\/www.susanneklipstein.de\/wp-content\/uploads\/2013\/02\/IMAG0021-300x285.jpg 300w, https:\/\/www.susanneklipstein.de\/wp-content\/uploads\/2013\/02\/IMAG0021.jpg 369w\" sizes=\"auto, (max-width: 300px) 100vw, 300px\" \/><\/a><a href=\"http:\/\/wordpress.susanneklipstein.de\/wp-content\/uploads\/2013\/02\/IMG_0630we.jpg\"><img loading=\"lazy\" decoding=\"async\" class=\"aligncenter size-medium wp-image-99\" alt=\"IMG_0630we\" src=\"http:\/\/wordpress.susanneklipstein.de\/wp-content\/uploads\/2013\/02\/IMG_0630we-300x291.jpg\" width=\"300\" height=\"291\" srcset=\"https:\/\/www.susanneklipstein.de\/wp-content\/uploads\/2013\/02\/IMG_0630we-300x291.jpg 300w, https:\/\/www.susanneklipstein.de\/wp-content\/uploads\/2013\/02\/IMG_0630we.jpg 567w\" sizes=\"auto, (max-width: 300px) 100vw, 300px\" \/><\/a><a href=\"http:\/\/wordpress.susanneklipstein.de\/wp-content\/uploads\/2013\/02\/IMG_0604hp.jpg\"><img loading=\"lazy\" decoding=\"async\" class=\"aligncenter size-medium wp-image-100\" alt=\"IMG_0604hp\" src=\"http:\/\/wordpress.susanneklipstein.de\/wp-content\/uploads\/2013\/02\/IMG_0604hp-294x300.jpg\" width=\"294\" height=\"300\" srcset=\"https:\/\/www.susanneklipstein.de\/wp-content\/uploads\/2013\/02\/IMG_0604hp-294x300.jpg 294w, https:\/\/www.susanneklipstein.de\/wp-content\/uploads\/2013\/02\/IMG_0604hp.jpg 600w\" sizes=\"auto, (max-width: 294px) 100vw, 294px\" \/><\/a><a href=\"http:\/\/wordpress.susanneklipstein.de\/wp-content\/uploads\/2013\/02\/IMG_0611hp.jpg\"><img loading=\"lazy\" decoding=\"async\" class=\"aligncenter size-medium wp-image-101\" alt=\"IMG_0611hp\" src=\"http:\/\/wordpress.susanneklipstein.de\/wp-content\/uploads\/2013\/02\/IMG_0611hp-300x281.jpg\" width=\"300\" height=\"281\" srcset=\"https:\/\/www.susanneklipstein.de\/wp-content\/uploads\/2013\/02\/IMG_0611hp-300x281.jpg 300w, https:\/\/www.susanneklipstein.de\/wp-content\/uploads\/2013\/02\/IMG_0611hp.jpg 600w\" sizes=\"auto, (max-width: 300px) 100vw, 300px\" \/><\/a><a href=\"http:\/\/wordpress.susanneklipstein.de\/wp-content\/uploads\/2013\/02\/IMG_0654hp.jpg\"><img loading=\"lazy\" decoding=\"async\" class=\"aligncenter size-medium wp-image-102\" alt=\"IMG_0654hp\" src=\"http:\/\/wordpress.susanneklipstein.de\/wp-content\/uploads\/2013\/02\/IMG_0654hp-300x237.jpg\" width=\"300\" height=\"237\" srcset=\"https:\/\/www.susanneklipstein.de\/wp-content\/uploads\/2013\/02\/IMG_0654hp-300x237.jpg 300w, https:\/\/www.susanneklipstein.de\/wp-content\/uploads\/2013\/02\/IMG_0654hp.jpg 600w\" sizes=\"auto, (max-width: 300px) 100vw, 300px\" \/><\/a><a href=\"http:\/\/wordpress.susanneklipstein.de\/wp-content\/uploads\/2013\/02\/IMG_0655hp.jpg\"><img loading=\"lazy\" decoding=\"async\" class=\"aligncenter size-medium wp-image-103\" alt=\"IMG_0655hp\" src=\"http:\/\/wordpress.susanneklipstein.de\/wp-content\/uploads\/2013\/02\/IMG_0655hp-300x200.jpg\" width=\"300\" height=\"200\" srcset=\"https:\/\/www.susanneklipstein.de\/wp-content\/uploads\/2013\/02\/IMG_0655hp-300x200.jpg 300w, https:\/\/www.susanneklipstein.de\/wp-content\/uploads\/2013\/02\/IMG_0655hp.jpg 600w\" sizes=\"auto, (max-width: 300px) 100vw, 300px\" \/><\/a><\/p>\n<p>Ein H\u00f6hepunkt folgte dann im Jahr 2007 , als Jean-Claude Racinet uns beide unterrichtete.<\/p>\n<p>Trotz Nieselregen hat es gro\u00dfen Spa\u00df gemacht, mit ihm zu arbeiten.<\/p>\n<p>Nachdem er sich zuerst \u00fcber uns ein Bild gemacht hatte, begannen wir am \u201d gemessenen Schritt\u201d zu arbeiten. Weitere Schwerpunkte waren das R\u00fcckw\u00e4rtstreten, der Galopp und der Weg in die \u201chalben Tritte\u201d .<\/p>\n<p>Zwischendurch konnte sich Cortijero auch einmal mit dem Meister unterhalten!!<\/p>\n<p><a href=\"http:\/\/www.susanneklipstein.de\/wp-content\/uploads\/2013\/02\/Susi19-300x285.jpg\"><img loading=\"lazy\" decoding=\"async\" class=\"aligncenter size-full wp-image-151\" alt=\"Susi19-300x285\" src=\"http:\/\/www.susanneklipstein.de\/wp-content\/uploads\/2013\/02\/Susi19-300x285.jpg\" width=\"300\" height=\"285\" \/><\/a><\/p>\n<p>Seine ruhige, feine Art mit den Pferden zu arbeiten und sich ihnen verst\u00e4ndlich zu machen, begeistert mich immer wieder .<\/p>\n<p>Im Mai 2008 durfte ich ihn f\u00fcr ein weiteres Seminar nach Bochum holen und auch noch einmal auf meinem Platz mit ihm arbeiten!<\/p>\n<p><a href=\"http:\/\/www.susanneklipstein.de\/wp-content\/uploads\/2013\/02\/Susi23-300x2001.jpg\"><img loading=\"lazy\" decoding=\"async\" class=\"aligncenter size-full wp-image-152\" alt=\"Susi23-300x200\" src=\"http:\/\/www.susanneklipstein.de\/wp-content\/uploads\/2013\/02\/Susi23-300x2001.jpg\" width=\"300\" height=\"200\" \/><\/a><a href=\"http:\/\/www.susanneklipstein.de\/wp-content\/uploads\/2013\/02\/Susi26-300x200.jpg\"><img loading=\"lazy\" decoding=\"async\" class=\"aligncenter size-full wp-image-153\" alt=\"Susi26-300x200\" src=\"http:\/\/www.susanneklipstein.de\/wp-content\/uploads\/2013\/02\/Susi26-300x200.jpg\" width=\"300\" height=\"200\" \/><\/a><\/p>\n<p>Am 5. Mai 2008, diesmal bei Sonnenschein, war Herr Racinet wieder bei uns. Auch f\u00fcr mich ist die Weiterentwicklung unerl\u00e4sslich, und dieser Mensch hatte soviel zu erz\u00e4hlen, mitzuteilen und weiterzugeben aus einem unersch\u00f6pflichen Wissens- und Erfahrungsfundus in der Reiterei, der Osteopathie und des \u00a0Verst\u00e4ndnisses Pferd \u2013er bot mir eine bis dato f\u00fcr mich einzigartige, umfassende und ganzheitliche Sichtweise der Pferdeausbildung.<\/p>\n<p>Wir besprachen die Entwicklung der letzten Monate und aufgetretene Probleme: Cortijero blockierte im Laufe des Winters immer wieder im Genick. Herr Racinet zeigte mir, wie ich die Blockade l\u00f6sen kann und mein Pferd arbeitete wieder sehr zufrieden und locker. Ich bekam viele neue Tipps f\u00fcr seine Ausbildung. Einen ganz lieben Dank an Herrn Racinet f\u00fcr diese interessante Lektion und an Pascale Berthier f\u00fcr die Hilfe bei der \u00dcbersetzung!<\/p>\n<p><a href=\"http:\/\/www.susanneklipstein.de\/wp-content\/uploads\/2013\/02\/Susi24-300x200.jpg\"><img loading=\"lazy\" decoding=\"async\" class=\"aligncenter size-full wp-image-154\" alt=\"Susi24-300x200\" src=\"http:\/\/www.susanneklipstein.de\/wp-content\/uploads\/2013\/02\/Susi24-300x200.jpg\" width=\"300\" height=\"200\" \/><\/a><a href=\"http:\/\/www.susanneklipstein.de\/wp-content\/uploads\/2013\/02\/Susi25-300x200.jpg\"><img loading=\"lazy\" decoding=\"async\" class=\"aligncenter size-full wp-image-155\" alt=\"Susi25-300x200\" src=\"http:\/\/www.susanneklipstein.de\/wp-content\/uploads\/2013\/02\/Susi25-300x200.jpg\" width=\"300\" height=\"200\" \/><\/a><\/p>\n<p>Noch 3 weitere Jahre konnte ich mit Cortijero arbeiten, Dinge verfeinern, die ich mit Herrn Racinet angefangen hatte, wie den gez\u00e4hlten Schritt und die Versammlung im Galopp.<\/p>\n<p><a href=\"http:\/\/www.susanneklipstein.de\/wp-content\/uploads\/2013\/02\/Susi27jpg-300x200.jpg\"><img loading=\"lazy\" decoding=\"async\" class=\"aligncenter size-full wp-image-157\" alt=\"Susi27jpg-300x200\" src=\"http:\/\/www.susanneklipstein.de\/wp-content\/uploads\/2013\/02\/Susi27jpg-300x200.jpg\" width=\"300\" height=\"200\" \/><\/a><\/p>\n<p>Im November 2011 mu\u00dfte ich meinen Cortijero aufgrund einer schweren Kolik einschl\u00e4fern lassen, ein gro\u00dfer Verlust f\u00fcr mich!<\/p>\n<p><a href=\"http:\/\/www.susanneklipstein.de\/wp-content\/uploads\/2013\/02\/IMG_0708a222-hp.jpg\"><img loading=\"lazy\" decoding=\"async\" class=\"aligncenter size-medium wp-image-150\" alt=\"IMG_0708a222 hp\" src=\"http:\/\/www.susanneklipstein.de\/wp-content\/uploads\/2013\/02\/IMG_0708a222-hp-252x300.jpg\" width=\"252\" height=\"300\" srcset=\"https:\/\/www.susanneklipstein.de\/wp-content\/uploads\/2013\/02\/IMG_0708a222-hp-252x300.jpg 252w, https:\/\/www.susanneklipstein.de\/wp-content\/uploads\/2013\/02\/IMG_0708a222-hp.jpg 500w\" sizes=\"auto, (max-width: 252px) 100vw, 252px\" \/><\/a><\/p>\n<p>Ich lernte Angelika Wald kennen, die mir aus Cortijeros Schweifhaaren ein wundersch\u00f6nes Armband flocht, so habe ich eine bleibende Erinnerung an dieses besondere Pferd.\u00a0 ( <a href=\"http:\/\/akiswerkstaettle.de\/index.php\">Link zu Akis Werst\u00e4ttle )<\/a><\/p>\n<p style=\"text-align: center;\"><a href=\"http:\/\/www.susanneklipstein.de\/wp-content\/uploads\/2013\/02\/IMAG0017.jpg\"><img loading=\"lazy\" decoding=\"async\" class=\"aligncenter size-medium wp-image-161\" alt=\"IMAG0017\" src=\"http:\/\/www.susanneklipstein.de\/wp-content\/uploads\/2013\/02\/IMAG0017-300x207.jpg\" width=\"300\" height=\"207\" srcset=\"https:\/\/www.susanneklipstein.de\/wp-content\/uploads\/2013\/02\/IMAG0017-300x207.jpg 300w, https:\/\/www.susanneklipstein.de\/wp-content\/uploads\/2013\/02\/IMAG0017.jpg 570w\" sizes=\"auto, (max-width: 300px) 100vw, 300px\" \/><\/a><\/p>\n<p>&nbsp;<\/p>\n","protected":false},"excerpt":{"rendered":"<p>\u00a0 Der Andalusier ist bekannt f\u00fcr seine Sensibilit\u00e4t, Arbeitsbereitschaft , sein freundliches Wesen und die F\u00e4higkeit, einen engen Bezug zum Menschen aufzubauen. Sie erfordert aber auch und gerade deshalb ein gro\u00dfes Gesp\u00fcr f\u00fcr Gem\u00fctszust\u00e4nde zwischen Unverst\u00e4ndnis und Leistungsbereitschaft, Angst und &hellip; <a href=\"https:\/\/www.susanneklipstein.de\/?page_id=28\">Weiterlesen <span class=\"meta-nav\">&rarr;<\/span><\/a><\/p>\n","protected":false},"author":1,"featured_media":0,"parent":7,"menu_order":1,"comment_status":"open","ping_status":"open","template":"","meta":{"footnotes":""},"class_list":["post-28","page","type-page","status-publish","hentry"],"_links":{"self":[{"href":"https:\/\/www.susanneklipstein.de\/index.php?rest_route=\/wp\/v2\/pages\/28","targetHints":{"allow":["GET"]}}],"collection":[{"href":"https:\/\/www.susanneklipstein.de\/index.php?rest_route=\/wp\/v2\/pages"}],"about":[{"href":"https:\/\/www.susanneklipstein.de\/index.php?rest_route=\/wp\/v2\/types\/page"}],"author":[{"embeddable":true,"href":"https:\/\/www.susanneklipstein.de\/index.php?rest_route=\/wp\/v2\/users\/1"}],"replies":[{"embeddable":true,"href":"https:\/\/www.susanneklipstein.de\/index.php?rest_route=%2Fwp%2Fv2%2Fcomments&post=28"}],"version-history":[{"count":8,"href":"https:\/\/www.susanneklipstein.de\/index.php?rest_route=\/wp\/v2\/pages\/28\/revisions"}],"predecessor-version":[{"id":30,"href":"https:\/\/www.susanneklipstein.de\/index.php?rest_route=\/wp\/v2\/pages\/28\/revisions\/30"}],"up":[{"embeddable":true,"href":"https:\/\/www.susanneklipstein.de\/index.php?rest_route=\/wp\/v2\/pages\/7"}],"wp:attachment":[{"href":"https:\/\/www.susanneklipstein.de\/index.php?rest_route=%2Fwp%2Fv2%2Fmedia&parent=28"}],"curies":[{"name":"wp","href":"https:\/\/api.w.org\/{rel}","templated":true}]}}