{"id":37,"date":"2013-02-06T23:49:23","date_gmt":"2013-02-06T21:49:23","guid":{"rendered":"http:\/\/wordpress.susanneklipstein.de\/?page_id=37"},"modified":"2014-07-22T11:08:13","modified_gmt":"2014-07-22T09:08:13","slug":"perito","status":"publish","type":"page","link":"https:\/\/www.susanneklipstein.de\/?page_id=37","title":{"rendered":"Perito"},"content":{"rendered":"<p style=\"text-align: center;\"><strong>\u00a0<\/strong><\/p>\n<div id=\"attachment_107\" style=\"width: 310px\" class=\"wp-caption aligncenter\"><a href=\"http:\/\/wordpress.susanneklipstein.de\/wp-content\/uploads\/2013\/02\/IMG_5562hp.jpg\"><img loading=\"lazy\" decoding=\"async\" aria-describedby=\"caption-attachment-107\" class=\"size-medium wp-image-107\" alt=\"Perito im Januar 2012\" src=\"http:\/\/wordpress.susanneklipstein.de\/wp-content\/uploads\/2013\/02\/IMG_5562hp-300x235.jpg\" width=\"300\" height=\"235\" srcset=\"https:\/\/www.susanneklipstein.de\/wp-content\/uploads\/2013\/02\/IMG_5562hp-300x235.jpg 300w, https:\/\/www.susanneklipstein.de\/wp-content\/uploads\/2013\/02\/IMG_5562hp.jpg 600w\" sizes=\"auto, (max-width: 300px) 100vw, 300px\" \/><\/a><p id=\"caption-attachment-107\" class=\"wp-caption-text\">Perito im Januar 2012<\/p><\/div>\n<p>Da Nevado nicht allein bleiben sollte, kaufte ich im Dezember 2011 Perito.<\/p>\n<p style=\"text-align: center;\"><a href=\"http:\/\/wordpress.susanneklipstein.de\/wp-content\/uploads\/2013\/02\/IMG_5489hp.jpg\"><img loading=\"lazy\" decoding=\"async\" class=\"aligncenter size-medium wp-image-108\" alt=\"IMG_5489hp\" src=\"http:\/\/wordpress.susanneklipstein.de\/wp-content\/uploads\/2013\/02\/IMG_5489hp-300x206.jpg\" width=\"300\" height=\"206\" srcset=\"https:\/\/www.susanneklipstein.de\/wp-content\/uploads\/2013\/02\/IMG_5489hp-300x206.jpg 300w, https:\/\/www.susanneklipstein.de\/wp-content\/uploads\/2013\/02\/IMG_5489hp.jpg 600w\" sizes=\"auto, (max-width: 300px) 100vw, 300px\" \/><\/a><\/p>\n<p>Er und Nevado verstanden sich auf Anhieb, beide spielen sehr gerne und lassen keine Gelegenheit aus, irgendeinen Unfug zu machen \ud83d\ude42<\/p>\n<p style=\"text-align: center;\"><a href=\"http:\/\/wordpress.susanneklipstein.de\/wp-content\/uploads\/2013\/02\/IMG_5498hp.jpg\"><img loading=\"lazy\" decoding=\"async\" class=\"aligncenter size-medium wp-image-109\" alt=\"IMG_5498hp\" src=\"http:\/\/wordpress.susanneklipstein.de\/wp-content\/uploads\/2013\/02\/IMG_5498hp-300x232.jpg\" width=\"300\" height=\"232\" srcset=\"https:\/\/www.susanneklipstein.de\/wp-content\/uploads\/2013\/02\/IMG_5498hp-300x232.jpg 300w, https:\/\/www.susanneklipstein.de\/wp-content\/uploads\/2013\/02\/IMG_5498hp.jpg 600w\" sizes=\"auto, (max-width: 300px) 100vw, 300px\" \/><\/a><\/p>\n<p>&nbsp;<\/p>\n<p>Perito ist haupts\u00e4chlich im Gel\u00e4nde geritten worden und so war es auch f\u00fcr ihn erst einmal wichtig , die Arbeit an der Hand und die Doppelllongenarbeit kennen zu lernen.<\/p>\n<p style=\"text-align: center;\">\u00a0<a href=\"http:\/\/wordpress.susanneklipstein.de\/wp-content\/uploads\/2013\/02\/IMG_5628hp.jpg\"><img loading=\"lazy\" decoding=\"async\" class=\"aligncenter size-medium wp-image-110\" alt=\"IMG_5628hp\" src=\"http:\/\/wordpress.susanneklipstein.de\/wp-content\/uploads\/2013\/02\/IMG_5628hp-300x231.jpg\" width=\"300\" height=\"231\" srcset=\"https:\/\/www.susanneklipstein.de\/wp-content\/uploads\/2013\/02\/IMG_5628hp-300x231.jpg 300w, https:\/\/www.susanneklipstein.de\/wp-content\/uploads\/2013\/02\/IMG_5628hp.jpg 600w\" sizes=\"auto, (max-width: 300px) 100vw, 300px\" \/><\/a><\/p>\n<p style=\"text-align: center;\"><a href=\"http:\/\/wordpress.susanneklipstein.de\/wp-content\/uploads\/2013\/02\/IMG_5683hp.jpg\"><img loading=\"lazy\" decoding=\"async\" class=\"aligncenter size-medium wp-image-111\" alt=\"IMG_5683hp\" src=\"http:\/\/wordpress.susanneklipstein.de\/wp-content\/uploads\/2013\/02\/IMG_5683hp-300x210.jpg\" width=\"300\" height=\"210\" srcset=\"https:\/\/www.susanneklipstein.de\/wp-content\/uploads\/2013\/02\/IMG_5683hp-300x210.jpg 300w, https:\/\/www.susanneklipstein.de\/wp-content\/uploads\/2013\/02\/IMG_5683hp.jpg 500w\" sizes=\"auto, (max-width: 300px) 100vw, 300px\" \/><\/a><\/p>\n<p>Perito ist sehr leistungsbereit und sensibel und verstand sehr schnell seine neuen Aufgaben.<\/p>\n<p>&nbsp;<\/p>\n<p>Mit gro\u00dfem Eifer ist er nun dabei Seiteng\u00e4nge zu lernen und seinen K\u00f6rper immer mehr unter dem Reiter in die Balance zu bringen.<\/p>\n<div id=\"attachment_112\" style=\"width: 310px\" class=\"wp-caption aligncenter\"><a href=\"http:\/\/wordpress.susanneklipstein.de\/wp-content\/uploads\/2013\/02\/IMG_5989hp.jpg\"><img loading=\"lazy\" decoding=\"async\" aria-describedby=\"caption-attachment-112\" class=\"size-medium wp-image-112\" alt=\"Juni 2012\" src=\"http:\/\/wordpress.susanneklipstein.de\/wp-content\/uploads\/2013\/02\/IMG_5989hp-300x266.jpg\" width=\"300\" height=\"266\" srcset=\"https:\/\/www.susanneklipstein.de\/wp-content\/uploads\/2013\/02\/IMG_5989hp-300x266.jpg 300w, https:\/\/www.susanneklipstein.de\/wp-content\/uploads\/2013\/02\/IMG_5989hp.jpg 600w\" sizes=\"auto, (max-width: 300px) 100vw, 300px\" \/><\/a><p id=\"caption-attachment-112\" class=\"wp-caption-text\">Juni 2012<\/p><\/div>\n<p>Eine gro\u00dfe Herausforderung ist f\u00fcr ihn der gez\u00e4hlte Schritt und seine Weiterentwicklung spricht f\u00fcr sich!<\/p>\n<p>&nbsp;<\/p>\n<p>Au\u00dferdem haben wir angefangen den spanischen Schritt zu \u00fcben und ich denke das noch einige Zirkuslektionen folgen werden, da er gro\u00dfen Spa\u00df an neuen Herausforderungen hat.<\/p>\n<div id=\"attachment_113\" style=\"width: 285px\" class=\"wp-caption aligncenter\"><a href=\"http:\/\/wordpress.susanneklipstein.de\/wp-content\/uploads\/2013\/02\/IMG_0053hp.jpg\"><img loading=\"lazy\" decoding=\"async\" aria-describedby=\"caption-attachment-113\" class=\"size-medium wp-image-113\" alt=\"Oktober 2012\" src=\"http:\/\/wordpress.susanneklipstein.de\/wp-content\/uploads\/2013\/02\/IMG_0053hp-275x300.jpg\" width=\"275\" height=\"300\" srcset=\"https:\/\/www.susanneklipstein.de\/wp-content\/uploads\/2013\/02\/IMG_0053hp-275x300.jpg 275w, https:\/\/www.susanneklipstein.de\/wp-content\/uploads\/2013\/02\/IMG_0053hp.jpg 500w\" sizes=\"auto, (max-width: 275px) 100vw, 275px\" \/><\/a><p id=\"caption-attachment-113\" class=\"wp-caption-text\">Oktober 2012<\/p><\/div>\n<p>Er ist ein Pferd, das einfach nur viel Freude bereitet !<\/p>\n<p>&nbsp;<\/p>\n<p>Bei so einen Korrekturpferd ist es wichtig, das die neuen Bewegungsabl\u00e4ufe auch verstanden werden k\u00f6nnen.<\/p>\n<p>Das geht am Besten in ganz langsamen Tempo.<\/p>\n<p style=\"text-align: center;\">\u00a0<a href=\"http:\/\/wordpress.susanneklipstein.de\/wp-content\/uploads\/2013\/02\/IMG_0065hp.jpg\"><img loading=\"lazy\" decoding=\"async\" class=\"aligncenter size-medium wp-image-114\" alt=\"IMG_0065hp\" src=\"http:\/\/wordpress.susanneklipstein.de\/wp-content\/uploads\/2013\/02\/IMG_0065hp-231x300.jpg\" width=\"231\" height=\"300\" srcset=\"https:\/\/www.susanneklipstein.de\/wp-content\/uploads\/2013\/02\/IMG_0065hp-231x300.jpg 231w, https:\/\/www.susanneklipstein.de\/wp-content\/uploads\/2013\/02\/IMG_0065hp.jpg 500w\" sizes=\"auto, (max-width: 231px) 100vw, 231px\" \/><\/a><\/p>\n<p>Die Seiteng\u00e4nge entwickele ich mit ihm aus dem Halten .<\/p>\n<p>Dort k\u00f6nnen die Einwirkungen aller Hilfen getrennt von einander abgefragt und dann zu einen Bewegungsablauf zusammen gesetzt werden.<\/p>\n<p>Damit kommt Perito gut klar! Hat er erst einmal verstanden, nimmt er oft schon den n\u00e4chsten Schritt von allein vor und freut sich \u00fcber das Lob !<\/p>\n<p style=\"text-align: center;\">\u00a0<a href=\"http:\/\/wordpress.susanneklipstein.de\/wp-content\/uploads\/2013\/02\/IMG_5860hp.jpg\"><img loading=\"lazy\" decoding=\"async\" class=\"aligncenter size-medium wp-image-115\" alt=\"IMG_5860hp\" src=\"http:\/\/wordpress.susanneklipstein.de\/wp-content\/uploads\/2013\/02\/IMG_5860hp-300x272.jpg\" width=\"300\" height=\"272\" srcset=\"https:\/\/www.susanneklipstein.de\/wp-content\/uploads\/2013\/02\/IMG_5860hp-300x272.jpg 300w, https:\/\/www.susanneklipstein.de\/wp-content\/uploads\/2013\/02\/IMG_5860hp.jpg 600w\" sizes=\"auto, (max-width: 300px) 100vw, 300px\" \/><\/a><\/p>\n<p>So motiviert, kann ich mir alle Seiteng\u00e4nge im Laufe der n\u00e4chsten Monate erarbeiten.<\/p>\n<div id=\"attachment_116\" style=\"width: 310px\" class=\"wp-caption aligncenter\"><a href=\"http:\/\/wordpress.susanneklipstein.de\/wp-content\/uploads\/2013\/02\/IMG_0046hp.jpg\"><img loading=\"lazy\" decoding=\"async\" aria-describedby=\"caption-attachment-116\" class=\"size-medium wp-image-116\" alt=\"Oktober 2012\" src=\"http:\/\/wordpress.susanneklipstein.de\/wp-content\/uploads\/2013\/02\/IMG_0046hp-300x229.jpg\" width=\"300\" height=\"229\" srcset=\"https:\/\/www.susanneklipstein.de\/wp-content\/uploads\/2013\/02\/IMG_0046hp-300x229.jpg 300w, https:\/\/www.susanneklipstein.de\/wp-content\/uploads\/2013\/02\/IMG_0046hp.jpg 500w\" sizes=\"auto, (max-width: 300px) 100vw, 300px\" \/><\/a><p id=\"caption-attachment-116\" class=\"wp-caption-text\">Oktober 2012<\/p><\/div>\n<p>Da der Winter im Winterauslauf nicht viel Abwechselung bietet, haben er und Nevado probiert, gemeinsam den Wasserk\u00fcbel anzuheben und auszusch\u00fctten, es hat geklappt \ud83d\ude42<\/p>\n<p style=\"text-align: center;\"><a href=\"http:\/\/www.susanneklipstein.de\/wp-content\/uploads\/2013\/02\/Perito-hp.jpg\"><img loading=\"lazy\" decoding=\"async\" class=\"aligncenter size-medium wp-image-178\" alt=\"Perito hp\" src=\"http:\/\/www.susanneklipstein.de\/wp-content\/uploads\/2013\/02\/Perito-hp-300x225.jpg\" width=\"300\" height=\"225\" srcset=\"https:\/\/www.susanneklipstein.de\/wp-content\/uploads\/2013\/02\/Perito-hp-300x225.jpg 300w, https:\/\/www.susanneklipstein.de\/wp-content\/uploads\/2013\/02\/Perito-hp.jpg 700w\" sizes=\"auto, (max-width: 300px) 100vw, 300px\" \/><\/a><\/p>\n<p>Perito macht es viel Spa\u00df den K\u00fcbel wild hin und her zu schwenken .<\/p>\n<p style=\"text-align: center;\"><a href=\"http:\/\/www.susanneklipstein.de\/wp-content\/uploads\/2013\/02\/Perito2-hp.jpg\"><img loading=\"lazy\" decoding=\"async\" class=\"aligncenter size-medium wp-image-179\" alt=\"Perito2 hp\" src=\"http:\/\/www.susanneklipstein.de\/wp-content\/uploads\/2013\/02\/Perito2-hp-300x230.jpg\" width=\"300\" height=\"230\" srcset=\"https:\/\/www.susanneklipstein.de\/wp-content\/uploads\/2013\/02\/Perito2-hp-300x230.jpg 300w, https:\/\/www.susanneklipstein.de\/wp-content\/uploads\/2013\/02\/Perito2-hp.jpg 700w\" sizes=\"auto, (max-width: 300px) 100vw, 300px\" \/><\/a><\/p>\n<p style=\"text-align: center;\">2013<\/p>\n<p style=\"text-align: center;\"><a href=\"http:\/\/www.susanneklipstein.de\/wp-content\/uploads\/2013\/02\/IMG_0340hp.jpg\"><img loading=\"lazy\" decoding=\"async\" class=\"aligncenter size-medium wp-image-184\" alt=\"IMG_0340hp\" src=\"http:\/\/www.susanneklipstein.de\/wp-content\/uploads\/2013\/02\/IMG_0340hp-300x257.jpg\" width=\"300\" height=\"257\" srcset=\"https:\/\/www.susanneklipstein.de\/wp-content\/uploads\/2013\/02\/IMG_0340hp-300x257.jpg 300w, https:\/\/www.susanneklipstein.de\/wp-content\/uploads\/2013\/02\/IMG_0340hp.jpg 700w\" sizes=\"auto, (max-width: 300px) 100vw, 300px\" \/><\/a><\/p>\n<p>Der Winter ist vorbei und das Fr\u00fchjahr hat uns in der gemeinsamen Arbeit gut weiter gebracht!<\/p>\n<p><a href=\"http:\/\/www.susanneklipstein.de\/wp-content\/uploads\/2013\/02\/IMG_0370hp.jpg\"><img loading=\"lazy\" decoding=\"async\" class=\"aligncenter size-medium wp-image-185\" alt=\"IMG_0370hp\" src=\"http:\/\/www.susanneklipstein.de\/wp-content\/uploads\/2013\/02\/IMG_0370hp-300x276.jpg\" width=\"300\" height=\"276\" srcset=\"https:\/\/www.susanneklipstein.de\/wp-content\/uploads\/2013\/02\/IMG_0370hp-300x276.jpg 300w, https:\/\/www.susanneklipstein.de\/wp-content\/uploads\/2013\/02\/IMG_0370hp.jpg 700w\" sizes=\"auto, (max-width: 300px) 100vw, 300px\" \/><\/a><\/p>\n<p>Perito wird in den Seiteng\u00e4ngen immer sicherer und auch in der Trabarbeit kann er sich immer bessser ausbalancieren.<\/p>\n<p>Da unser Fr\u00fchjahrsworkshop ansteht und er dort seinen ersten \u00f6ffentlichen Aufrtitt haben soll , arbeitet er immer mal wieder auch unter anderen Reitern und er macht es sehr gut !<\/p>\n<p><a href=\"http:\/\/www.susanneklipstein.de\/wp-content\/uploads\/2013\/02\/IMG_7183hp.jpg\"><img loading=\"lazy\" decoding=\"async\" class=\"aligncenter size-medium wp-image-186\" alt=\"IMG_7183hp\" src=\"http:\/\/www.susanneklipstein.de\/wp-content\/uploads\/2013\/02\/IMG_7183hp-300x132.jpg\" width=\"300\" height=\"132\" srcset=\"https:\/\/www.susanneklipstein.de\/wp-content\/uploads\/2013\/02\/IMG_7183hp-300x132.jpg 300w, https:\/\/www.susanneklipstein.de\/wp-content\/uploads\/2013\/02\/IMG_7183hp.jpg 700w\" sizes=\"auto, (max-width: 300px) 100vw, 300px\" \/><\/a><\/p>\n<p>Am 5. Mai ist es dann soweit : Perito und ich er\u00f6ffnen den Workshop, wir zeigen Teile aus unserem Trainingsprogramm .<\/p>\n<p><a href=\"http:\/\/www.susanneklipstein.de\/wp-content\/uploads\/2013\/02\/IMG_7187hp.jpg\"><img loading=\"lazy\" decoding=\"async\" class=\"aligncenter size-medium wp-image-187\" alt=\"IMG_7187hp\" src=\"http:\/\/www.susanneklipstein.de\/wp-content\/uploads\/2013\/02\/IMG_7187hp-300x258.jpg\" width=\"300\" height=\"258\" srcset=\"https:\/\/www.susanneklipstein.de\/wp-content\/uploads\/2013\/02\/IMG_7187hp-300x258.jpg 300w, https:\/\/www.susanneklipstein.de\/wp-content\/uploads\/2013\/02\/IMG_7187hp.jpg 800w\" sizes=\"auto, (max-width: 300px) 100vw, 300px\" \/><\/a><\/p>\n<p><a href=\"http:\/\/www.susanneklipstein.de\/wp-content\/uploads\/2013\/02\/IMG_7198hp.jpg\"><img loading=\"lazy\" decoding=\"async\" class=\"aligncenter size-medium wp-image-188\" alt=\"IMG_7198hp\" src=\"http:\/\/www.susanneklipstein.de\/wp-content\/uploads\/2013\/02\/IMG_7198hp-300x229.jpg\" width=\"300\" height=\"229\" srcset=\"https:\/\/www.susanneklipstein.de\/wp-content\/uploads\/2013\/02\/IMG_7198hp-300x229.jpg 300w, https:\/\/www.susanneklipstein.de\/wp-content\/uploads\/2013\/02\/IMG_7198hp.jpg 800w\" sizes=\"auto, (max-width: 300px) 100vw, 300px\" \/><\/a><\/p>\n<p>Da er super starke Nerven hat, macht er seine sache sehr gut und genie\u00dft auch sichlich SEINEN Applaus \ud83d\ude42<\/p>\n<p><a href=\"http:\/\/www.susanneklipstein.de\/wp-content\/uploads\/2013\/02\/IMG_7193hp.jpg\"><img loading=\"lazy\" decoding=\"async\" class=\"aligncenter size-medium wp-image-189\" alt=\"IMG_7193hp\" src=\"http:\/\/www.susanneklipstein.de\/wp-content\/uploads\/2013\/02\/IMG_7193hp-300x237.jpg\" width=\"300\" height=\"237\" srcset=\"https:\/\/www.susanneklipstein.de\/wp-content\/uploads\/2013\/02\/IMG_7193hp-300x237.jpg 300w, https:\/\/www.susanneklipstein.de\/wp-content\/uploads\/2013\/02\/IMG_7193hp.jpg 700w\" sizes=\"auto, (max-width: 300px) 100vw, 300px\" \/><\/a><\/p>\n<p>Sp\u00e4ter geht er dann noch seine Einheit unter Corinna. Wie immer sehr aufmerksam,\u00a0 vermittelt ihr ein sicheres Gef\u00fchl und gibt sich gro\u00dfe M\u00fche seine Aufgaben gut zu l\u00f6sen. Auch\u00a0 hier freut er sich \u00fcber jedes Lob und genie\u00dft die Pausen zwischen den Lektionen.<\/p>\n<p><a href=\"http:\/\/www.susanneklipstein.de\/wp-content\/uploads\/2013\/02\/IMG_7534hp.jpg\"><img loading=\"lazy\" decoding=\"async\" class=\"aligncenter size-medium wp-image-190\" alt=\"IMG_7534hp\" src=\"http:\/\/www.susanneklipstein.de\/wp-content\/uploads\/2013\/02\/IMG_7534hp-290x300.jpg\" width=\"290\" height=\"300\" srcset=\"https:\/\/www.susanneklipstein.de\/wp-content\/uploads\/2013\/02\/IMG_7534hp-290x300.jpg 290w, https:\/\/www.susanneklipstein.de\/wp-content\/uploads\/2013\/02\/IMG_7534hp.jpg 600w\" sizes=\"auto, (max-width: 290px) 100vw, 290px\" \/><\/a><\/p>\n<p style=\"text-align: center;\">2014<\/p>\n<div id=\"attachment_209\" style=\"width: 210px\" class=\"wp-caption aligncenter\"><a href=\"http:\/\/www.susanneklipstein.de\/wp-content\/uploads\/2013\/02\/IMG_1130aweb.jpg\"><img loading=\"lazy\" decoding=\"async\" aria-describedby=\"caption-attachment-209\" class=\"size-medium wp-image-209\" alt=\"April 2014\" src=\"http:\/\/www.susanneklipstein.de\/wp-content\/uploads\/2013\/02\/IMG_1130aweb-200x300.jpg\" width=\"200\" height=\"300\" srcset=\"https:\/\/www.susanneklipstein.de\/wp-content\/uploads\/2013\/02\/IMG_1130aweb-200x300.jpg 200w, https:\/\/www.susanneklipstein.de\/wp-content\/uploads\/2013\/02\/IMG_1130aweb.jpg 500w\" sizes=\"auto, (max-width: 200px) 100vw, 200px\" \/><\/a><p id=\"caption-attachment-209\" class=\"wp-caption-text\">April 2014<\/p><\/div>\n<p style=\"text-align: left;\">In diesem Winter war Ballspielen angesagt, da der Wasserk\u00fcbel\u00a0 durch einen Traktorreifen fixiert wurde.<\/p>\n<div id=\"attachment_200\" style=\"width: 310px\" class=\"wp-caption aligncenter\"><a href=\"http:\/\/www.susanneklipstein.de\/wp-content\/uploads\/2013\/02\/Perito-2013.jpg\"><img loading=\"lazy\" decoding=\"async\" aria-describedby=\"caption-attachment-200\" class=\"size-medium wp-image-200\" alt=\"M\u00e4rz 2014\" src=\"http:\/\/www.susanneklipstein.de\/wp-content\/uploads\/2013\/02\/Perito-2013-300x199.jpg\" width=\"300\" height=\"199\" srcset=\"https:\/\/www.susanneklipstein.de\/wp-content\/uploads\/2013\/02\/Perito-2013-300x199.jpg 300w, https:\/\/www.susanneklipstein.de\/wp-content\/uploads\/2013\/02\/Perito-2013.jpg 500w\" sizes=\"auto, (max-width: 300px) 100vw, 300px\" \/><\/a><p id=\"caption-attachment-200\" class=\"wp-caption-text\">M\u00e4rz 2014<\/p><\/div>\n<p>Perito beobachtet\u00a0 seinem Freund Mogli \ud83d\ude42<\/p>\n<div id=\"attachment_201\" style=\"width: 310px\" class=\"wp-caption aligncenter\"><a href=\"http:\/\/www.susanneklipstein.de\/wp-content\/uploads\/2013\/02\/IMG_1020web.jpg\"><img loading=\"lazy\" decoding=\"async\" aria-describedby=\"caption-attachment-201\" class=\"size-medium wp-image-201\" alt=\"April 2014\" src=\"http:\/\/www.susanneklipstein.de\/wp-content\/uploads\/2013\/02\/IMG_1020web-300x199.jpg\" width=\"300\" height=\"199\" srcset=\"https:\/\/www.susanneklipstein.de\/wp-content\/uploads\/2013\/02\/IMG_1020web-300x199.jpg 300w, https:\/\/www.susanneklipstein.de\/wp-content\/uploads\/2013\/02\/IMG_1020web.jpg 500w\" sizes=\"auto, (max-width: 300px) 100vw, 300px\" \/><\/a><p id=\"caption-attachment-201\" class=\"wp-caption-text\">April 2014<\/p><\/div>\n<p>Hanna und Perito haben viel Freude miteinander und sie hat ihm das Fu\u00dfballspielen beigebracht! Er kann nun den Ball abwechselnd mit der Nase und den F\u00fc\u00dfen durch den Platz rollen.<\/p>\n<p><a href=\"http:\/\/www.susanneklipstein.de\/wp-content\/uploads\/2013\/02\/IMG_0624web.jpg\"><img loading=\"lazy\" decoding=\"async\" class=\"aligncenter size-medium wp-image-203\" alt=\"IMG_0624web\" src=\"http:\/\/www.susanneklipstein.de\/wp-content\/uploads\/2013\/02\/IMG_0624web-300x196.jpg\" width=\"300\" height=\"196\" srcset=\"https:\/\/www.susanneklipstein.de\/wp-content\/uploads\/2013\/02\/IMG_0624web-300x196.jpg 300w, https:\/\/www.susanneklipstein.de\/wp-content\/uploads\/2013\/02\/IMG_0624web.jpg 500w\" sizes=\"auto, (max-width: 300px) 100vw, 300px\" \/><\/a><\/p>\n<div id=\"attachment_204\" style=\"width: 310px\" class=\"wp-caption aligncenter\"><a href=\"http:\/\/www.susanneklipstein.de\/wp-content\/uploads\/2013\/02\/IMG_0632aweb.jpg\"><img loading=\"lazy\" decoding=\"async\" aria-describedby=\"caption-attachment-204\" class=\"size-medium wp-image-204\" alt=\"Mai 2014\" src=\"http:\/\/www.susanneklipstein.de\/wp-content\/uploads\/2013\/02\/IMG_0632aweb-300x192.jpg\" width=\"300\" height=\"192\" srcset=\"https:\/\/www.susanneklipstein.de\/wp-content\/uploads\/2013\/02\/IMG_0632aweb-300x192.jpg 300w, https:\/\/www.susanneklipstein.de\/wp-content\/uploads\/2013\/02\/IMG_0632aweb.jpg 500w\" sizes=\"auto, (max-width: 300px) 100vw, 300px\" \/><\/a><p id=\"caption-attachment-204\" class=\"wp-caption-text\">Mai 2014<\/p><\/div>\n<p>Nach so viel Konzentration wird dann gerne mal ausgiebigst geg\u00e4hnt !!!<\/p>\n<p><a href=\"http:\/\/www.susanneklipstein.de\/wp-content\/uploads\/2013\/02\/April-2014.jpg\"><img loading=\"lazy\" decoding=\"async\" class=\"aligncenter size-medium wp-image-205\" alt=\"April 2014\" src=\"http:\/\/www.susanneklipstein.de\/wp-content\/uploads\/2013\/02\/April-2014-200x300.jpg\" width=\"200\" height=\"300\" srcset=\"https:\/\/www.susanneklipstein.de\/wp-content\/uploads\/2013\/02\/April-2014-200x300.jpg 200w, https:\/\/www.susanneklipstein.de\/wp-content\/uploads\/2013\/02\/April-2014.jpg 500w\" sizes=\"auto, (max-width: 200px) 100vw, 200px\" \/><\/a><\/p>\n<p><a href=\"http:\/\/www.susanneklipstein.de\/wp-content\/uploads\/2013\/02\/IMG_1301web.jpg\"><img loading=\"lazy\" decoding=\"async\" class=\"aligncenter size-medium wp-image-206\" alt=\"IMG_1301web\" src=\"http:\/\/www.susanneklipstein.de\/wp-content\/uploads\/2013\/02\/IMG_1301web-200x300.jpg\" width=\"200\" height=\"300\" srcset=\"https:\/\/www.susanneklipstein.de\/wp-content\/uploads\/2013\/02\/IMG_1301web-200x300.jpg 200w, https:\/\/www.susanneklipstein.de\/wp-content\/uploads\/2013\/02\/IMG_1301web.jpg 500w\" sizes=\"auto, (max-width: 200px) 100vw, 200px\" \/><\/a><\/p>\n<p>Im Mai konnte Perito dann wieder beim Fr\u00fchjahrsworshop mitmachen, Anne und er haben harmonisch miteinander gearbeitet.<\/p>\n<div id=\"attachment_207\" style=\"width: 310px\" class=\"wp-caption aligncenter\"><a href=\"http:\/\/www.susanneklipstein.de\/wp-content\/uploads\/2013\/02\/IMG_3680aweb.jpg\"><img loading=\"lazy\" decoding=\"async\" aria-describedby=\"caption-attachment-207\" class=\"size-medium wp-image-207\" alt=\"Mai 2014\" src=\"http:\/\/www.susanneklipstein.de\/wp-content\/uploads\/2013\/02\/IMG_3680aweb-300x246.jpg\" width=\"300\" height=\"246\" srcset=\"https:\/\/www.susanneklipstein.de\/wp-content\/uploads\/2013\/02\/IMG_3680aweb-300x246.jpg 300w, https:\/\/www.susanneklipstein.de\/wp-content\/uploads\/2013\/02\/IMG_3680aweb.jpg 400w\" sizes=\"auto, (max-width: 300px) 100vw, 300px\" \/><\/a><p id=\"caption-attachment-207\" class=\"wp-caption-text\">Mai 2014<\/p><\/div>\n<p>&nbsp;<\/p>\n<p><a href=\"http:\/\/www.susanneklipstein.de\/wp-content\/uploads\/2013\/02\/IMG_3688aweb.jpg\"><img loading=\"lazy\" decoding=\"async\" class=\"aligncenter size-medium wp-image-208\" alt=\"IMG_3688aweb\" src=\"http:\/\/www.susanneklipstein.de\/wp-content\/uploads\/2013\/02\/IMG_3688aweb-300x228.jpg\" width=\"300\" height=\"228\" srcset=\"https:\/\/www.susanneklipstein.de\/wp-content\/uploads\/2013\/02\/IMG_3688aweb-300x228.jpg 300w, https:\/\/www.susanneklipstein.de\/wp-content\/uploads\/2013\/02\/IMG_3688aweb.jpg 400w\" sizes=\"auto, (max-width: 300px) 100vw, 300px\" \/><\/a><\/p>\n<p>Fortsetzung folgt<\/p>\n<p>&nbsp;<\/p>\n<p>&nbsp;<\/p>\n<p>&nbsp;<\/p>\n<p>&nbsp;<\/p>\n","protected":false},"excerpt":{"rendered":"<p>\u00a0 Da Nevado nicht allein bleiben sollte, kaufte ich im Dezember 2011 Perito. Er und Nevado verstanden sich auf Anhieb, beide spielen sehr gerne und lassen keine Gelegenheit aus, irgendeinen Unfug zu machen \ud83d\ude42 &nbsp; Perito ist haupts\u00e4chlich im Gel\u00e4nde &hellip; <a href=\"https:\/\/www.susanneklipstein.de\/?page_id=37\">Weiterlesen <span class=\"meta-nav\">&rarr;<\/span><\/a><\/p>\n","protected":false},"author":1,"featured_media":0,"parent":7,"menu_order":3,"comment_status":"open","ping_status":"open","template":"","meta":{"footnotes":""},"class_list":["post-37","page","type-page","status-publish","hentry"],"_links":{"self":[{"href":"https:\/\/www.susanneklipstein.de\/index.php?rest_route=\/wp\/v2\/pages\/37","targetHints":{"allow":["GET"]}}],"collection":[{"href":"https:\/\/www.susanneklipstein.de\/index.php?rest_route=\/wp\/v2\/pages"}],"about":[{"href":"https:\/\/www.susanneklipstein.de\/index.php?rest_route=\/wp\/v2\/types\/page"}],"author":[{"embeddable":true,"href":"https:\/\/www.susanneklipstein.de\/index.php?rest_route=\/wp\/v2\/users\/1"}],"replies":[{"embeddable":true,"href":"https:\/\/www.susanneklipstein.de\/index.php?rest_route=%2Fwp%2Fv2%2Fcomments&post=37"}],"version-history":[{"count":6,"href":"https:\/\/www.susanneklipstein.de\/index.php?rest_route=\/wp\/v2\/pages\/37\/revisions"}],"predecessor-version":[{"id":39,"href":"https:\/\/www.susanneklipstein.de\/index.php?rest_route=\/wp\/v2\/pages\/37\/revisions\/39"}],"up":[{"embeddable":true,"href":"https:\/\/www.susanneklipstein.de\/index.php?rest_route=\/wp\/v2\/pages\/7"}],"wp:attachment":[{"href":"https:\/\/www.susanneklipstein.de\/index.php?rest_route=%2Fwp%2Fv2%2Fmedia&parent=37"}],"curies":[{"name":"wp","href":"https:\/\/api.w.org\/{rel}","templated":true}]}}