{"id":40,"date":"2013-02-06T23:50:18","date_gmt":"2013-02-06T21:50:18","guid":{"rendered":"http:\/\/wordpress.susanneklipstein.de\/?page_id=40"},"modified":"2013-10-27T23:09:51","modified_gmt":"2013-10-27T21:09:51","slug":"amy","status":"publish","type":"page","link":"https:\/\/www.susanneklipstein.de\/?page_id=40","title":{"rendered":"Amy"},"content":{"rendered":"<p style=\"text-align: center;\"><strong>\u00a0<\/strong><\/p>\n<p>Geboren am17.10.2003<\/p>\n<p><a href=\"http:\/\/wordpress.susanneklipstein.de\/wp-content\/uploads\/2013\/02\/amy-cover.jpg\"><img loading=\"lazy\" decoding=\"async\" class=\"alignnone size-medium wp-image-65\" alt=\"amy cover\" src=\"http:\/\/wordpress.susanneklipstein.de\/wp-content\/uploads\/2013\/02\/amy-cover-236x300.jpg\" width=\"236\" height=\"300\" srcset=\"https:\/\/www.susanneklipstein.de\/wp-content\/uploads\/2013\/02\/amy-cover-236x300.jpg 236w, https:\/\/www.susanneklipstein.de\/wp-content\/uploads\/2013\/02\/amy-cover.jpg 411w\" sizes=\"auto, (max-width: 236px) 100vw, 236px\" \/><\/a><\/p>\n<p>Im Dezember 2003 suchte ich nach einem neuen Hund.<\/p>\n<p>Nie h\u00e4tte ich gedacht dann so schnell zum Ziel zu kommen.<\/p>\n<p>Auf einer Z\u00fcchterseite wurde eine 8Wochen alte H\u00fcndin angeboten, 1 Blick gen\u00fcgte, <b>die <\/b>mu\u00df<b> <\/b>es sein! Sofort griff ich zum Telefon und f\u00fcr die n\u00e4chste Woche wurde ein Termin ausgemacht.<\/p>\n<p><a href=\"http:\/\/wordpress.susanneklipstein.de\/wp-content\/uploads\/2013\/02\/aisha16tag.jpg\"><img loading=\"lazy\" decoding=\"async\" class=\"alignnone size-medium wp-image-66\" alt=\"aisha16tag\" src=\"http:\/\/wordpress.susanneklipstein.de\/wp-content\/uploads\/2013\/02\/aisha16tag-300x196.jpg\" width=\"300\" height=\"196\" srcset=\"https:\/\/www.susanneklipstein.de\/wp-content\/uploads\/2013\/02\/aisha16tag-300x196.jpg 300w, https:\/\/www.susanneklipstein.de\/wp-content\/uploads\/2013\/02\/aisha16tag.jpg 597w\" sizes=\"auto, (max-width: 300px) 100vw, 300px\" \/><\/a><\/p>\n<p>Mit der ganzen Familie fuhren wir nach Einbeck.(Schickos Jackyline Jack Russell Terrier )<\/p>\n<p>Und wir wurden nicht entt\u00e4uscht, wir nahmen eine fr\u00f6hlichen, gesunden und optimal aufgewachsenen Welpen mit nach Hause.<\/p>\n<p><a href=\"http:\/\/wordpress.susanneklipstein.de\/wp-content\/uploads\/2013\/02\/Amy16-e-mail.jpg\"><img loading=\"lazy\" decoding=\"async\" class=\"alignnone size-medium wp-image-67\" alt=\"Amy16 e-mail\" src=\"http:\/\/wordpress.susanneklipstein.de\/wp-content\/uploads\/2013\/02\/Amy16-e-mail-260x300.jpg\" width=\"260\" height=\"300\" srcset=\"https:\/\/www.susanneklipstein.de\/wp-content\/uploads\/2013\/02\/Amy16-e-mail-260x300.jpg 260w, https:\/\/www.susanneklipstein.de\/wp-content\/uploads\/2013\/02\/Amy16-e-mail.jpg 283w\" sizes=\"auto, (max-width: 260px) 100vw, 260px\" \/><\/a><\/p>\n<p>Das sind Amys Eltern:<\/p>\n<p style=\"text-align: center;\"><a href=\"http:\/\/wordpress.susanneklipstein.de\/wp-content\/uploads\/2013\/02\/DSC00080.jpg\"><img loading=\"lazy\" decoding=\"async\" class=\"alignnone size-medium wp-image-72\" alt=\"DSC00080\" src=\"http:\/\/wordpress.susanneklipstein.de\/wp-content\/uploads\/2013\/02\/DSC00080-300x225.jpg\" width=\"300\" height=\"225\" srcset=\"https:\/\/www.susanneklipstein.de\/wp-content\/uploads\/2013\/02\/DSC00080-300x225.jpg 300w, https:\/\/www.susanneklipstein.de\/wp-content\/uploads\/2013\/02\/DSC00080.jpg 640w\" sizes=\"auto, (max-width: 300px) 100vw, 300px\" \/><\/a><\/p>\n<p style=\"text-align: center;\">Vom Alfelderbach Dana<\/p>\n<p style=\"text-align: center;\"><a href=\"http:\/\/wordpress.susanneklipstein.de\/wp-content\/uploads\/2013\/02\/E.T.jpg\"><img loading=\"lazy\" decoding=\"async\" class=\"alignnone size-medium wp-image-73\" alt=\"E.T\" src=\"http:\/\/wordpress.susanneklipstein.de\/wp-content\/uploads\/2013\/02\/E.T-300x263.jpg\" width=\"300\" height=\"263\" srcset=\"https:\/\/www.susanneklipstein.de\/wp-content\/uploads\/2013\/02\/E.T-300x263.jpg 300w, https:\/\/www.susanneklipstein.de\/wp-content\/uploads\/2013\/02\/E.T.jpg 372w\" sizes=\"auto, (max-width: 300px) 100vw, 300px\" \/><\/a><\/p>\n<p style=\"text-align: center;\">Little Hunter E.T.<\/p>\n<p>Im Laufe der 1. Monate besuchten wir eine Welpenschule und machten sie mit Allem vertraut was so ein junger Hund kennen lernen sollte.<\/p>\n<p>Amy ist \u00fcberall freundlich und aufgeschlossen und immer wieder f\u00e4llt sie positiv auf .<\/p>\n<p>Sie liebt lange Spazierg\u00e4nge, ist sehr wachsam und die M\u00e4use auf unseren Weiden m\u00fcssen sehr gut aufpassen !<\/p>\n<p>&nbsp;<\/p>\n<p>Nach kurzer Zeit war uns klar, Amy sollte nicht allein bleiben, der n\u00e4chste Wurf war angek\u00fcndigt und wir hofften, das eine, f\u00fcr uns passende H\u00fcndin dabei sein w\u00fcrde!<\/p>\n","protected":false},"excerpt":{"rendered":"<p>\u00a0 Geboren am17.10.2003 Im Dezember 2003 suchte ich nach einem neuen Hund. Nie h\u00e4tte ich gedacht dann so schnell zum Ziel zu kommen. Auf einer Z\u00fcchterseite wurde eine 8Wochen alte H\u00fcndin angeboten, 1 Blick gen\u00fcgte, die mu\u00df es sein! Sofort &hellip; <a href=\"https:\/\/www.susanneklipstein.de\/?page_id=40\">Weiterlesen <span class=\"meta-nav\">&rarr;<\/span><\/a><\/p>\n","protected":false},"author":1,"featured_media":0,"parent":8,"menu_order":1,"comment_status":"open","ping_status":"open","template":"","meta":{"footnotes":""},"class_list":["post-40","page","type-page","status-publish","hentry"],"_links":{"self":[{"href":"https:\/\/www.susanneklipstein.de\/index.php?rest_route=\/wp\/v2\/pages\/40","targetHints":{"allow":["GET"]}}],"collection":[{"href":"https:\/\/www.susanneklipstein.de\/index.php?rest_route=\/wp\/v2\/pages"}],"about":[{"href":"https:\/\/www.susanneklipstein.de\/index.php?rest_route=\/wp\/v2\/types\/page"}],"author":[{"embeddable":true,"href":"https:\/\/www.susanneklipstein.de\/index.php?rest_route=\/wp\/v2\/users\/1"}],"replies":[{"embeddable":true,"href":"https:\/\/www.susanneklipstein.de\/index.php?rest_route=%2Fwp%2Fv2%2Fcomments&post=40"}],"version-history":[{"count":5,"href":"https:\/\/www.susanneklipstein.de\/index.php?rest_route=\/wp\/v2\/pages\/40\/revisions"}],"predecessor-version":[{"id":64,"href":"https:\/\/www.susanneklipstein.de\/index.php?rest_route=\/wp\/v2\/pages\/40\/revisions\/64"}],"up":[{"embeddable":true,"href":"https:\/\/www.susanneklipstein.de\/index.php?rest_route=\/wp\/v2\/pages\/8"}],"wp:attachment":[{"href":"https:\/\/www.susanneklipstein.de\/index.php?rest_route=%2Fwp%2Fv2%2Fmedia&parent=40"}],"curies":[{"name":"wp","href":"https:\/\/api.w.org\/{rel}","templated":true}]}}