{"id":9,"date":"2013-02-06T23:42:42","date_gmt":"2013-02-06T21:42:42","guid":{"rendered":"http:\/\/wordpress.susanneklipstein.de\/?page_id=9"},"modified":"2015-07-12T08:57:07","modified_gmt":"2015-07-12T06:57:07","slug":"ausbildung","status":"publish","type":"page","link":"https:\/\/www.susanneklipstein.de\/?page_id=9","title":{"rendered":"Ausbildung"},"content":{"rendered":"<p style=\"text-align: center;\"><strong>\u00a0<\/strong><\/p>\n<p style=\"text-align: center;\"><a href=\"http:\/\/www.susanneklipstein.de\/wp-content\/uploads\/2013\/02\/IMG_0312hp.jpg\"><img loading=\"lazy\" decoding=\"async\" class=\"aligncenter size-medium wp-image-159\" alt=\"IMG_0312hp\" src=\"http:\/\/www.susanneklipstein.de\/wp-content\/uploads\/2013\/02\/IMG_0312hp-225x300.jpg\" width=\"225\" height=\"300\" srcset=\"https:\/\/www.susanneklipstein.de\/wp-content\/uploads\/2013\/02\/IMG_0312hp-225x300.jpg 225w, https:\/\/www.susanneklipstein.de\/wp-content\/uploads\/2013\/02\/IMG_0312hp.jpg 700w\" sizes=\"auto, (max-width: 225px) 100vw, 225px\" \/><\/a><\/p>\n<p>Ein Pferd wird nicht als Reitpferd geboren, sondern es wird von uns Menschen dazu gemacht. Es ist ein erheblicher, existenzieller Eingriff in die Natur des Pferdes, seines Lebensraumes, seines Naturells und seiner Seele.<\/p>\n<p>Damit es sich entwickeln kann und seine individuellen Talente und F\u00e4higkeiten zum Tragen kommen, erh\u00e4lt es von uns Menschen den erforderlichen Rahmen (Haltung, F\u00fctterung, Ausbildungen, Training,\u2026) wie es ihm m\u00f6glich ist und in der Zeit, die es braucht, um ein gutes, zufriedenes Reitpferd zu werden. Hier kommt uns als Pferdehalter und Partner ein verantwortungsvolle Rolle zuteil, da in diesem Lern- und Entwicklungsprozess ganz unterschiedliche Punkte zu beachten sind.<\/p>\n<p>Das Pferd ist wie es ist und wir fordern und f\u00f6rdern es mit Klarheit, Kompetenz, Einf\u00fchlungsverm\u00f6gen und Vertrauen, also mit unserer F\u00fchrungsqualit\u00e4t. Ja ein Pferd will sich wohlf\u00fchlen und gef\u00fchrt werden, es will seinen Platz zugeteilt bekommen und verstanden werden.<\/p>\n<p>&nbsp;<\/p>\n<p>Und hier setze ich mit meiner Ausbildungsphilosophie an:<\/p>\n<p>F\u00fcr mich steht an oberster Stelle, dass das Pferd stets in der Lage sein sollte, zu verstehen, was ich von ihm will und dies dann auch psychisch und psychisch umsetzen kann. Und es ist meine Aufgabe, die Kompetenz f\u00fcr die Verst\u00e4ndigung zu erlangen, zu entwickeln und auszubauen.<\/p>\n<p>In den meisten F\u00e4llen sind Pferde nie unwillig, auch wenn einige Reitlehrer und Sch\u00fcler immer wieder das Pferd als Ursache f\u00fcr Probleme sehen.<\/p>\n<p>Ich gehe grds. davon aus, dass das Pferd, vorausgesetzt es ist gesund und hat keine physischen und psychischen Einschr\u00e4nkungen,\u00a0 &#8222;freundlich&#8220;, neugierig und offen (zuh\u00f6ren) ist f\u00fcr ein ma\u00dfvolles und interessantes Lernprogramm, sich wohlf\u00fchlen und bestenfalls sich und mir gefallen m\u00f6chte und somit sein Bestes gibt.<\/p>\n<p>&nbsp;<\/p>\n<p>F\u00fcr die Ausbildungssequenzen bedeutet dies eine gute Basisarbeit und das Pferd in kleinen Schritten an seine Aufgaben heranzuf\u00fchren, in vielen F\u00e4llen bieten sie den n\u00e4chsten Schritt schon von allein an, und es nicht inhaltlich und zeitlich zu \u00fcberfordern. Lieber mit guten 15 Minuten zufrieden sein, als sich frustriert und\/oder gef\u00e4hrlich \u00fcber 45 min &#8222;durchk\u00e4mpfen&#8220; .<\/p>\n<p>Die Basis f\u00fcr die Reiterei ist f\u00fcr mich immer die Bodenarbeit: Arbeit an der Hand und Doppellonge sind wichtig um die Abstimmung zwischen Reiter und Pferd ohne das st\u00f6rend einwirkende Reitergewicht herzustellen.<\/p>\n<p>Die Arbeit an der Hand ist eine Mischung aus Gymnastizierung und Dominanzarbeit.<\/p>\n<p>So lernt das junge Pferd auf mich zu achten und meinen Hilfen zu folgen und nachzugeben, anstatt Widerstand aufzubauen.<\/p>\n<p>Mit wenig zufrieden sein, das Wenige gut machen und viel loben ist immer der richtige Weg! Das w\u00e4re der optimale Weg, aber das Reiterleben und die Pferdeseele sind interessant und vielschichtig und es gibt keine Standardl\u00f6sungen!<\/p>\n<p>&nbsp;<\/p>\n<p>Kommt es zu Widersetzlichkeiten bzw. Ungehorsam ist es wichtig, darauf zu achten, dass die Ursache hierf\u00fcr analysiert wird und vor allen Dingen keine Schmerzen und\/ oder ein Schmerzged\u00e4chtnis der Grund daf\u00fcr sind.<\/p>\n<p>Das ist nicht ganz einfach und bedeutet auch manchmal einen l\u00e4ngeren Weg mit unterschiedlichen Kompetenzen (Pferdedentist, Heilpraktiker, Osteopath, Hufpfleger, Reiter und Ausbilder\u2026). Ein gut aufeinander abgestimmtes Kompetenzteam ist unbezahlbar.<\/p>\n<p>&nbsp;<\/p>\n<p>Der Reiter<\/p>\n<p>&nbsp;<\/p>\n<p>Wie ich oben bereits erw\u00e4hnt habe , steht das Pferd mit seinen M\u00f6glichkeiten, F\u00e4higkeiten und Talenten im Mittelpunkt.<\/p>\n<p>Aber auch der Reiter ist gefordert, an sich zu arbeiten, seine F\u00e4higkeiten und Kompetenzen auszubauen, zu entwickeln und eine guter und zuverl\u00e4sslicher Partner zu sein bzw. zu werden. Hier z\u00e4hlt der Charakter und die Einstellung zu seinem Pferd und zu einer &#8222;leichten&#8220; Reiterei.<\/p>\n<p>&nbsp;<\/p>\n<p>Ein Reiter sollte optimaler Weise \u00fcber folgende Charaktereigenschaften und Attribute verf\u00fcgen: Geduld, Lernf\u00e4higkeit, Kommunikationsf\u00e4higkeit, eine positive Grundeinstellung,\u00a0 ein tiefer und ruhiger Sitz und eine strenge aber weiche Hand.<\/p>\n<p>&nbsp;<\/p>\n<p>Die Struktur in der Ausbildung liegt in den Grunds\u00e4tzen, dass das Pferd sich sicher und wohlf\u00fchlen muss durch eine eindeutige Verst\u00e4ndigung und F\u00fchrung des Reiters, durch Grenzen setzen und Rahmen schaffen und Spielr\u00e4ume f\u00fcr Entwicklungen zulassen.<\/p>\n<p>&nbsp;<\/p>\n<p>Ich arbeite mit den Pferden und am Reiter unter Ber\u00fccksichtigung dieser Grunds\u00e4tze.<\/p>\n<p>Das dauert seine Zeit und ist dann gut, wenn es gut ist.<\/p>\n<p>Oftmals stelle ich fest, dass man an unterschiedlichen Themen arbeitet und das Pferd irgendwann bereit ist, und sich alle Bausteine wie von selbst ganz leicht zusammenf\u00fcgen. Das ist die Belohnung manchmal f\u00fcr Tage, Wochen, Monate oder jahrelanger Arbeit, die es immer wieder wert ist.<\/p>\n<p>&nbsp;<\/p>\n<p>Und so ist der Weg das Ziel, f\u00fcr mich schon seit mehr als 40 Jahren mit unterschiedlichen Pferdetypen und Reitercharakteren.<\/p>\n<p>&nbsp;<\/p>\n<p>Hier geht es bald mit Beispielen aus der Praxis weiter!<\/p>\n","protected":false},"excerpt":{"rendered":"<p>\u00a0 Ein Pferd wird nicht als Reitpferd geboren, sondern es wird von uns Menschen dazu gemacht. Es ist ein erheblicher, existenzieller Eingriff in die Natur des Pferdes, seines Lebensraumes, seines Naturells und seiner Seele. Damit es sich entwickeln kann und &hellip; <a href=\"https:\/\/www.susanneklipstein.de\/?page_id=9\">Weiterlesen <span class=\"meta-nav\">&rarr;<\/span><\/a><\/p>\n","protected":false},"author":1,"featured_media":0,"parent":0,"menu_order":4,"comment_status":"open","ping_status":"open","template":"","meta":{"footnotes":""},"class_list":["post-9","page","type-page","status-publish","hentry"],"_links":{"self":[{"href":"https:\/\/www.susanneklipstein.de\/index.php?rest_route=\/wp\/v2\/pages\/9","targetHints":{"allow":["GET"]}}],"collection":[{"href":"https:\/\/www.susanneklipstein.de\/index.php?rest_route=\/wp\/v2\/pages"}],"about":[{"href":"https:\/\/www.susanneklipstein.de\/index.php?rest_route=\/wp\/v2\/types\/page"}],"author":[{"embeddable":true,"href":"https:\/\/www.susanneklipstein.de\/index.php?rest_route=\/wp\/v2\/users\/1"}],"replies":[{"embeddable":true,"href":"https:\/\/www.susanneklipstein.de\/index.php?rest_route=%2Fwp%2Fv2%2Fcomments&post=9"}],"version-history":[{"count":8,"href":"https:\/\/www.susanneklipstein.de\/index.php?rest_route=\/wp\/v2\/pages\/9\/revisions"}],"predecessor-version":[{"id":144,"href":"https:\/\/www.susanneklipstein.de\/index.php?rest_route=\/wp\/v2\/pages\/9\/revisions\/144"}],"wp:attachment":[{"href":"https:\/\/www.susanneklipstein.de\/index.php?rest_route=%2Fwp%2Fv2%2Fmedia&parent=9"}],"curies":[{"name":"wp","href":"https:\/\/api.w.org\/{rel}","templated":true}]}}